{"id":43,"date":"2015-08-11T14:35:59","date_gmt":"2015-08-11T12:35:59","guid":{"rendered":"http:\/\/biggis-buntewelt.de\/?page_id=43"},"modified":"2015-08-16T22:21:07","modified_gmt":"2015-08-16T20:21:07","slug":"britzer-garten","status":"publish","type":"page","link":"https:\/\/biggis-buntewelt.de\/?page_id=43","title":{"rendered":"Britzer Garten 24.4.2015"},"content":{"rendered":"<p><span style=\"color: #808000;\"><strong>Am 24.4.2015 war im Britzer Garten Berlin Neuk\u00f6lln am Landesh\u00f6hepunkt die \u00dcbergabe der Patenurkunden an die Spender der diesj\u00e4hrigen Tulpenfelder. Die Bezirksb\u00fcrgermeisterin von Neuk\u00f6lln, Frau Dr. Giffey, \u00fcbergab die Urkunden und anschlie\u00dfend den Stoffb\u00e4ren &#8222;Eisb\u00e4r Knuth&#8220; an die Kinder der Kita &#8222;Villa Anna&#8220;. Die Nordic Walking Gruppe um Belinda Elter war diesmal als &#8222;Tulpenspender&#8220; mit dabei. Hier ein paar Impressionen.<\/strong><\/span><\/p>\n<div id='gallery-1' class='gallery galleryid-43 gallery-columns-4 gallery-size-thumbnail'><dl class='gallery-item'>\n\t\t\t<dt class='gallery-icon landscape'>\n\t\t\t\t<a href='https:\/\/biggis-buntewelt.de\/?attachment_id=83'><img width=\"150\" height=\"150\" src=\"https:\/\/biggis-buntewelt.de\/wp-content\/uploads\/2015\/08\/Tulipanfeld-9-\u00dcberg.Urkunde-9-150x150.jpg\" class=\"attachment-thumbnail size-thumbnail\" alt=\"\" decoding=\"async\" loading=\"lazy\" aria-describedby=\"gallery-1-83\" \/><\/a>\n\t\t\t<\/dt>\n\t\t\t\t<dd class='wp-caption-text gallery-caption' id='gallery-1-83'>\n\t\t\t\tMargrit flaniert vor unserem Tulpenbeet!\n\t\t\t\t<\/dd><\/dl><dl class='gallery-item'>\n\t\t\t<dt class='gallery-icon landscape'>\n\t\t\t\t<a href='https:\/\/biggis-buntewelt.de\/?attachment_id=72'><img width=\"150\" height=\"150\" src=\"https:\/\/biggis-buntewelt.de\/wp-content\/uploads\/2015\/08\/Kopie-vonTulipanfeld-9-\u00dcberg.Urkunde-6-150x150.jpg\" class=\"attachment-thumbnail size-thumbnail\" alt=\"\" decoding=\"async\" loading=\"lazy\" aria-describedby=\"gallery-1-72\" \/><\/a>\n\t\t\t<\/dt>\n\t\t\t\t<dd class='wp-caption-text gallery-caption' id='gallery-1-72'>\n\t\t\t\tWas steht denn wohl auf der gelben Wolke?\n\t\t\t\t<\/dd><\/dl><dl class='gallery-item'>\n\t\t\t<dt class='gallery-icon landscape'>\n\t\t\t\t<a href='https:\/\/biggis-buntewelt.de\/?attachment_id=80'><img width=\"150\" height=\"150\" src=\"https:\/\/biggis-buntewelt.de\/wp-content\/uploads\/2015\/08\/Tulipanfeld-9-\u00dcberg.Urkunde-6-150x150.jpg\" class=\"attachment-thumbnail size-thumbnail\" alt=\"\" decoding=\"async\" loading=\"lazy\" aria-describedby=\"gallery-1-80\" \/><\/a>\n\t\t\t<\/dt>\n\t\t\t\t<dd class='wp-caption-text gallery-caption' id='gallery-1-80'>\n\t\t\t\tNun, die Tulpen sind immer noch nicht weiter auf!\n\t\t\t\t<\/dd><\/dl><dl class='gallery-item'>\n\t\t\t<dt class='gallery-icon landscape'>\n\t\t\t\t<a href='https:\/\/biggis-buntewelt.de\/?attachment_id=86'><img width=\"150\" height=\"150\" src=\"https:\/\/biggis-buntewelt.de\/wp-content\/uploads\/2015\/08\/Tulipanfeld-9-\u00dcberg.Urkunde-12-150x150.jpg\" class=\"attachment-thumbnail size-thumbnail\" alt=\"\" decoding=\"async\" loading=\"lazy\" aria-describedby=\"gallery-1-86\" \/><\/a>\n\t\t\t<\/dt>\n\t\t\t\t<dd class='wp-caption-text gallery-caption' id='gallery-1-86'>\n\t\t\t\tDie Bezirksb\u00fcrgermeisterin von Neuk\u00f6lln \u00fcberreicht die Patenurkunden\n\t\t\t\t<\/dd><\/dl><br style=\"clear: both\" \/><dl class='gallery-item'>\n\t\t\t<dt class='gallery-icon landscape'>\n\t\t\t\t<a href='https:\/\/biggis-buntewelt.de\/?attachment_id=90'><img width=\"150\" height=\"150\" src=\"https:\/\/biggis-buntewelt.de\/wp-content\/uploads\/2015\/08\/Tulipanfeld-9-\u00dcberg.Urkunde-16-150x150.jpg\" class=\"attachment-thumbnail size-thumbnail\" alt=\"\" decoding=\"async\" loading=\"lazy\" aria-describedby=\"gallery-1-90\" \/><\/a>\n\t\t\t<\/dt>\n\t\t\t\t<dd class='wp-caption-text gallery-caption' id='gallery-1-90'>\n\t\t\t\tKita Villa Anna &#8211; ebenfalls Paten eines Tulpenfeldes\n\t\t\t\t<\/dd><\/dl><dl class='gallery-item'>\n\t\t\t<dt class='gallery-icon landscape'>\n\t\t\t\t<a href='https:\/\/biggis-buntewelt.de\/?attachment_id=85'><img width=\"150\" height=\"150\" src=\"https:\/\/biggis-buntewelt.de\/wp-content\/uploads\/2015\/08\/Tulipanfeld-9-\u00dcberg.Urkunde-11-150x150.jpg\" class=\"attachment-thumbnail size-thumbnail\" alt=\"\" decoding=\"async\" loading=\"lazy\" aria-describedby=\"gallery-1-85\" \/><\/a>\n\t\t\t<\/dt>\n\t\t\t\t<dd class='wp-caption-text gallery-caption' id='gallery-1-85'>\n\t\t\t\tDie St\u00e4ndchen von den Kindern waren richtig s\u00fc\u00df!\n\t\t\t\t<\/dd><\/dl><dl class='gallery-item'>\n\t\t\t<dt class='gallery-icon landscape'>\n\t\t\t\t<a href='https:\/\/biggis-buntewelt.de\/?attachment_id=84'><img width=\"150\" height=\"150\" src=\"https:\/\/biggis-buntewelt.de\/wp-content\/uploads\/2015\/08\/Tulipanfeld-9-\u00dcberg.Urkunde-10-150x150.jpg\" class=\"attachment-thumbnail size-thumbnail\" alt=\"\" decoding=\"async\" loading=\"lazy\" aria-describedby=\"gallery-1-84\" \/><\/a>\n\t\t\t<\/dt>\n\t\t\t\t<dd class='wp-caption-text gallery-caption' id='gallery-1-84'>\n\t\t\t\tDer Kinderbetreuer gibt den Ton an.\n\t\t\t\t<\/dd><\/dl><dl class='gallery-item'>\n\t\t\t<dt class='gallery-icon landscape'>\n\t\t\t\t<a href='https:\/\/biggis-buntewelt.de\/?attachment_id=88'><img width=\"150\" height=\"150\" src=\"https:\/\/biggis-buntewelt.de\/wp-content\/uploads\/2015\/08\/Tulipanfeld-9-\u00dcberg.Urkunde-14-150x150.jpg\" class=\"attachment-thumbnail size-thumbnail\" alt=\"\" decoding=\"async\" loading=\"lazy\" aria-describedby=\"gallery-1-88\" \/><\/a>\n\t\t\t<\/dt>\n\t\t\t\t<dd class='wp-caption-text gallery-caption' id='gallery-1-88'>\n\t\t\t\tWarten auf das was kommt.\n\t\t\t\t<\/dd><\/dl><br style=\"clear: both\" \/><dl class='gallery-item'>\n\t\t\t<dt class='gallery-icon landscape'>\n\t\t\t\t<a href='https:\/\/biggis-buntewelt.de\/?attachment_id=89'><img width=\"150\" height=\"150\" src=\"https:\/\/biggis-buntewelt.de\/wp-content\/uploads\/2015\/08\/Tulipanfeld-9-\u00dcberg.Urkunde-15-150x150.jpg\" class=\"attachment-thumbnail size-thumbnail\" alt=\"\" decoding=\"async\" loading=\"lazy\" aria-describedby=\"gallery-1-89\" \/><\/a>\n\t\t\t<\/dt>\n\t\t\t\t<dd class='wp-caption-text gallery-caption' id='gallery-1-89'>\n\t\t\t\tGl\u00fcckliche Kindergesichter mit Eisb\u00e4r Knuth\n\t\t\t\t<\/dd><\/dl><dl class='gallery-item'>\n\t\t\t<dt class='gallery-icon landscape'>\n\t\t\t\t<a href='https:\/\/biggis-buntewelt.de\/?attachment_id=81'><img width=\"150\" height=\"150\" src=\"https:\/\/biggis-buntewelt.de\/wp-content\/uploads\/2015\/08\/Tulipanfeld-9-\u00dcberg.Urkunde-7-150x150.jpg\" class=\"attachment-thumbnail size-thumbnail\" alt=\"\" decoding=\"async\" loading=\"lazy\" aria-describedby=\"gallery-1-81\" \/><\/a>\n\t\t\t<\/dt>\n\t\t\t\t<dd class='wp-caption-text gallery-caption' id='gallery-1-81'>\n\t\t\t\tDie Urkunden\u00fcbergabe n\u00e4hert sich dem Ende!\n\t\t\t\t<\/dd><\/dl><dl class='gallery-item'>\n\t\t\t<dt class='gallery-icon landscape'>\n\t\t\t\t<a href='https:\/\/biggis-buntewelt.de\/?attachment_id=82'><img width=\"150\" height=\"150\" src=\"https:\/\/biggis-buntewelt.de\/wp-content\/uploads\/2015\/08\/Tulipanfeld-9-\u00dcberg.Urkunde-8-150x150.jpg\" class=\"attachment-thumbnail size-thumbnail\" alt=\"\" decoding=\"async\" loading=\"lazy\" aria-describedby=\"gallery-1-82\" \/><\/a>\n\t\t\t<\/dt>\n\t\t\t\t<dd class='wp-caption-text gallery-caption' id='gallery-1-82'>\n\t\t\t\tDie Paten der Tulpenfelder l\u00f6sen sich auf und&#8230;.\n\t\t\t\t<\/dd><\/dl><dl class='gallery-item'>\n\t\t\t<dt class='gallery-icon landscape'>\n\t\t\t\t<a href='https:\/\/biggis-buntewelt.de\/?attachment_id=91'><img width=\"150\" height=\"150\" src=\"https:\/\/biggis-buntewelt.de\/wp-content\/uploads\/2015\/08\/Tulipanfeld-9-\u00dcberg.Urkunde-17-150x150.jpg\" class=\"attachment-thumbnail size-thumbnail\" alt=\"\" decoding=\"async\" loading=\"lazy\" aria-describedby=\"gallery-1-91\" \/><\/a>\n\t\t\t<\/dt>\n\t\t\t\t<dd class='wp-caption-text gallery-caption' id='gallery-1-91'>\n\t\t\t\tst\u00fcrzen zum Buffet!\n\t\t\t\t<\/dd><\/dl><br style=\"clear: both\" \/><dl class='gallery-item'>\n\t\t\t<dt class='gallery-icon landscape'>\n\t\t\t\t<a href='https:\/\/biggis-buntewelt.de\/?attachment_id=92'><img width=\"150\" height=\"150\" src=\"https:\/\/biggis-buntewelt.de\/wp-content\/uploads\/2015\/08\/Tulipanfeld-9-\u00dcberg.Urkunde-18-150x150.jpg\" class=\"attachment-thumbnail size-thumbnail\" alt=\"\" decoding=\"async\" loading=\"lazy\" aria-describedby=\"gallery-1-92\" \/><\/a>\n\t\t\t<\/dt>\n\t\t\t\t<dd class='wp-caption-text gallery-caption' id='gallery-1-92'>\n\t\t\t\tdie G\u00e4rtner des Britzer Gartens bei der wohlverdienten Pause\n\t\t\t\t<\/dd><\/dl><dl class='gallery-item'>\n\t\t\t<dt class='gallery-icon landscape'>\n\t\t\t\t<a href='https:\/\/biggis-buntewelt.de\/?attachment_id=79'><img width=\"150\" height=\"150\" src=\"https:\/\/biggis-buntewelt.de\/wp-content\/uploads\/2015\/08\/Tulipanfeld-9-\u00dcberg.Urkunde-5-150x150.jpg\" class=\"attachment-thumbnail size-thumbnail\" alt=\"\" decoding=\"async\" loading=\"lazy\" aria-describedby=\"gallery-1-79\" \/><\/a>\n\t\t\t<\/dt>\n\t\t\t\t<dd class='wp-caption-text gallery-caption' id='gallery-1-79'>\n\t\t\t\tBl\u00fctenpracht im Britzer Garten\n\t\t\t\t<\/dd><\/dl><dl class='gallery-item'>\n\t\t\t<dt class='gallery-icon landscape'>\n\t\t\t\t<a href='https:\/\/biggis-buntewelt.de\/?attachment_id=77'><img width=\"150\" height=\"150\" src=\"https:\/\/biggis-buntewelt.de\/wp-content\/uploads\/2015\/08\/Tulipanfeld-9-\u00dcberg.Urkunde-3-150x150.jpg\" class=\"attachment-thumbnail size-thumbnail\" alt=\"\" decoding=\"async\" loading=\"lazy\" aria-describedby=\"gallery-1-77\" \/><\/a>\n\t\t\t<\/dt>\n\t\t\t\t<dd class='wp-caption-text gallery-caption' id='gallery-1-77'>\n\t\t\t\tJeder Baum w\u00e4chst anders&#8230;..\n\t\t\t\t<\/dd><\/dl><dl class='gallery-item'>\n\t\t\t<dt class='gallery-icon landscape'>\n\t\t\t\t<a href='https:\/\/biggis-buntewelt.de\/?attachment_id=78'><img width=\"150\" height=\"150\" src=\"https:\/\/biggis-buntewelt.de\/wp-content\/uploads\/2015\/08\/Tulipanfeld-9-\u00dcberg.Urkunde-4-150x150.jpg\" class=\"attachment-thumbnail size-thumbnail\" alt=\"\" decoding=\"async\" loading=\"lazy\" aria-describedby=\"gallery-1-78\" \/><\/a>\n\t\t\t<\/dt>\n\t\t\t\t<dd class='wp-caption-text gallery-caption' id='gallery-1-78'>\n\t\t\t\tund braucht eine St\u00fctze!\n\t\t\t\t<\/dd><\/dl><br style=\"clear: both\" \/><dl class='gallery-item'>\n\t\t\t<dt class='gallery-icon landscape'>\n\t\t\t\t<a href='https:\/\/biggis-buntewelt.de\/?attachment_id=76'><img width=\"150\" height=\"150\" src=\"https:\/\/biggis-buntewelt.de\/wp-content\/uploads\/2015\/08\/Tulipanfeld-9-\u00dcberg.Urkunde-2-150x150.jpg\" class=\"attachment-thumbnail size-thumbnail\" alt=\"\" decoding=\"async\" loading=\"lazy\" aria-describedby=\"gallery-1-76\" \/><\/a>\n\t\t\t<\/dt>\n\t\t\t\t<dd class='wp-caption-text gallery-caption' id='gallery-1-76'>\n\t\t\t\tMargrit bestaunt diese Konstruktion.\n\t\t\t\t<\/dd><\/dl><dl class='gallery-item'>\n\t\t\t<dt class='gallery-icon landscape'>\n\t\t\t\t<a href='https:\/\/biggis-buntewelt.de\/?attachment_id=75'><img width=\"150\" height=\"150\" src=\"https:\/\/biggis-buntewelt.de\/wp-content\/uploads\/2015\/08\/Tulipanfeld-9-\u00dcberg.Urkunde-1-150x150.jpg\" class=\"attachment-thumbnail size-thumbnail\" alt=\"\" decoding=\"async\" loading=\"lazy\" aria-describedby=\"gallery-1-75\" \/><\/a>\n\t\t\t<\/dt>\n\t\t\t\t<dd class='wp-caption-text gallery-caption' id='gallery-1-75'>\n\t\t\t\tMagnolienpracht in den Privatg\u00e4rten vor dem Britzer Garten.\n\t\t\t\t<\/dd><\/dl><dl class='gallery-item'>\n\t\t\t<dt class='gallery-icon landscape'>\n\t\t\t\t<a href='https:\/\/biggis-buntewelt.de\/?attachment_id=74'><img width=\"150\" height=\"150\" src=\"https:\/\/biggis-buntewelt.de\/wp-content\/uploads\/2015\/08\/Oster-Schneeball-Kleingarten-am-Britzer-Garten-2-150x150.jpg\" class=\"attachment-thumbnail size-thumbnail\" alt=\"\" decoding=\"async\" loading=\"lazy\" aria-describedby=\"gallery-1-74\" \/><\/a>\n\t\t\t<\/dt>\n\t\t\t\t<dd class='wp-caption-text gallery-caption' id='gallery-1-74'>\n\t\t\t\tOsterschneeball in einem Privatgarten vor dem Britzer Garten\n\t\t\t\t<\/dd><\/dl>\n\t\t\t<br style='clear: both' \/>\n\t\t<\/div>\n\n<p><a href=\"http:\/\/biggis-buntewelt.de\/wp-content\/uploads\/2015\/06\/Britzer-Garten-10.8.14-m.-Christa-und-Elisabeth-19.jpg\">\u00a0<\/a><\/p>\n","protected":false},"excerpt":{"rendered":"<p>Am 24.4.2015 war im Britzer Garten Berlin Neuk\u00f6lln am Landesh\u00f6hepunkt die \u00dcbergabe der Patenurkunden an die Spender der diesj\u00e4hrigen Tulpenfelder. Die Bezirksb\u00fcrgermeisterin von Neuk\u00f6lln, Frau Dr. Giffey, \u00fcbergab die Urkunden und anschlie\u00dfend den Stoffb\u00e4ren &#8222;Eisb\u00e4r Knuth&#8220; an die Kinder der &hellip; <a href=\"https:\/\/biggis-buntewelt.de\/?page_id=43\">Weiterlesen <span class=\"meta-nav\">&rarr;<\/span><\/a><\/p>\n","protected":false},"author":1,"featured_media":0,"parent":29,"menu_order":40,"comment_status":"open","ping_status":"open","template":"","meta":[],"_links":{"self":[{"href":"https:\/\/biggis-buntewelt.de\/index.php?rest_route=\/wp\/v2\/pages\/43"}],"collection":[{"href":"https:\/\/biggis-buntewelt.de\/index.php?rest_route=\/wp\/v2\/pages"}],"about":[{"href":"https:\/\/biggis-buntewelt.de\/index.php?rest_route=\/wp\/v2\/types\/page"}],"author":[{"embeddable":true,"href":"https:\/\/biggis-buntewelt.de\/index.php?rest_route=\/wp\/v2\/users\/1"}],"replies":[{"embeddable":true,"href":"https:\/\/biggis-buntewelt.de\/index.php?rest_route=%2Fwp%2Fv2%2Fcomments&post=43"}],"version-history":[{"count":6,"href":"https:\/\/biggis-buntewelt.de\/index.php?rest_route=\/wp\/v2\/pages\/43\/revisions"}],"predecessor-version":[{"id":96,"href":"https:\/\/biggis-buntewelt.de\/index.php?rest_route=\/wp\/v2\/pages\/43\/revisions\/96"}],"up":[{"embeddable":true,"href":"https:\/\/biggis-buntewelt.de\/index.php?rest_route=\/wp\/v2\/pages\/29"}],"wp:attachment":[{"href":"https:\/\/biggis-buntewelt.de\/index.php?rest_route=%2Fwp%2Fv2%2Fmedia&parent=43"}],"curies":[{"name":"wp","href":"https:\/\/api.w.org\/{rel}","templated":true}]}}